{"id":39184,"date":"2024-11-06T00:48:34","date_gmt":"2024-11-05T23:48:34","guid":{"rendered":"http:\/\/85.235.147.21\/ptsrs24\/?page_id=39184"},"modified":"2026-03-16T15:21:13","modified_gmt":"2026-03-16T14:21:13","slug":"mission-2-3-4-4","status":"publish","type":"page","link":"https:\/\/www.ilpontedelsorriso.com\/?page_id=39184","title":{"rendered":"Disagio giovanile"},"content":{"rendered":"<style>\/*! elementor - v3.21.0 - 30-04-2024 *\/<br \/>\n.elementor-widget-image{text-align:center}.elementor-widget-image a{display:inline-block}.elementor-widget-image a img[src$=\".svg\"]{width:48px}.elementor-widget-image img{vertical-align:middle;display:inline-block}<\/style>\n<p><img fetchpriority=\"high\" decoding=\"async\" src=\"data:image\/png;base64,iVBORw0KGgoAAAANSUhEUgAAAAEAAAABAQMAAAAl21bKAAAAA1BMVEUAAP+KeNJXAAAAAXRSTlMAQObYZgAAAAlwSFlzAAAOxAAADsQBlSsOGwAAAApJREFUCNdjYAAAAAIAAeIhvDMAAAAASUVORK5CYII=\" alt=\"\" width=\"2048\" height=\"1153\" data-sizes=\"auto\" data-src=\"https:\/\/www.ilpontedelsorriso.com\/wp-content\/uploads\/2025\/07\/Progetto-senza-titolo97.png\" data-srcset=\"https:\/\/www.ilpontedelsorriso.com\/wp-content\/uploads\/2025\/07\/Progetto-senza-titolo97.png 2048w, https:\/\/www.ilpontedelsorriso.com\/wp-content\/uploads\/2025\/07\/Progetto-senza-titolo97-300x169.png 300w, https:\/\/www.ilpontedelsorriso.com\/wp-content\/uploads\/2025\/07\/Progetto-senza-titolo97-1024x577.png 1024w, https:\/\/www.ilpontedelsorriso.com\/wp-content\/uploads\/2025\/07\/Progetto-senza-titolo97-768x432.png 768w, https:\/\/www.ilpontedelsorriso.com\/wp-content\/uploads\/2025\/07\/Progetto-senza-titolo97-1536x865.png 1536w, https:\/\/www.ilpontedelsorriso.com\/wp-content\/uploads\/2025\/07\/Progetto-senza-titolo97-533x300.png 533w, https:\/\/www.ilpontedelsorriso.com\/wp-content\/uploads\/2025\/07\/Progetto-senza-titolo97-30x16.png 30w, https:\/\/www.ilpontedelsorriso.com\/wp-content\/uploads\/2025\/07\/Progetto-senza-titolo97-18x10.png 18w\" class=\" cmsmasters_img cmsmasters-lazyload lazyload\"><\/p>\n<style>\/*! elementor - v3.21.0 - 30-04-2024 *\/<br \/>\n.elementor-heading-title{padding:0;margin:0;line-height:1}.elementor-widget-heading .elementor-heading-title[class*=elementor-size-]>a{color:inherit;font-size:inherit;line-height:inherit}.elementor-widget-heading .elementor-heading-title.elementor-size-small{font-size:15px}.elementor-widget-heading .elementor-heading-title.elementor-size-medium{font-size:19px}.elementor-widget-heading .elementor-heading-title.elementor-size-large{font-size:29px}.elementor-widget-heading .elementor-heading-title.elementor-size-xl{font-size:39px}.elementor-widget-heading .elementor-heading-title.elementor-size-xxl{font-size:59px}<\/style>\n<h1>Disagio giovanile<\/h1>\n<p>Il disagio giovanile \u00e8 un fenomeno con il quale i genitori e la societ\u00e0 si trovano a fare i conti da anni, ma la pandemia ha accentuato le fragilit\u00e0 di bambini e ragazzi e notevolmente incrementato le loro difficolt\u00e0.<\/p>\n<p>L\u2019isolamento, la DAD, l\u2019impossibilit\u00e0 di frequentare coetanei, il non poter contare su momenti ricreativi, di svago, di sport, la quotidianit\u00e0 della vita ribaltata per mesi, l\u2019incertezza non solo del domani, ma anche dell\u2019oggi, la sofferenza e la morte come elemento costante nei bollettini giornalieri o come esperienza diretta in tante case, hanno sconvolto letteralmente la vita di tantissimi bambini e ragazzi, facendo vacillare anche chi appariva maggiormente strutturato.<\/p>\n<p>Abbiamo quindi partecipato al bando ATTENTA-MENTE di Fondazione Cariplo con il progetto SOStegno km 0 per il quale abbiamo ottenuto un finanziamento di 185mila euro.<\/p>\n<p>Abbiamo creato un\u2019equipe multidisciplinare alla quale \u00e8 possibile rivolgersi fin dai primi segnali, senza impegnativa, gratuitamente, previo appuntamento. L\u2019equipe garantisce un primo colloquio conoscitivo sulla situazione di disagio per poi prevedere interventi mirati o dare precise indicazioni di orientamento alle famiglie.<\/p>\n<p><a href=\"https:\/\/www.ilpontedelsorriso.com\/wp-content\/uploads\/2026\/03\/depliant_disagio_2026_B.pdf\"><br \/>\nSCARICA IL VOLANTINO CON LE INFO<br \/>\n<\/a><\/p>\n<style>\/*! elementor - v3.21.0 - 30-04-2024 *\/<br \/>\n.elementor-column .elementor-spacer-inner{height:var(--spacer-size)}.e-con{--container-widget-width:100%}.e-con-inner>.elementor-widget-spacer,.e-con>.elementor-widget-spacer{width:var(--container-widget-width,var(--spacer-size));--align-self:var(--container-widget-align-self,initial);--flex-shrink:0}.e-con-inner>.elementor-widget-spacer>.elementor-widget-container,.e-con>.elementor-widget-spacer>.elementor-widget-container{height:100%;width:100%}.e-con-inner>.elementor-widget-spacer>.elementor-widget-container>.elementor-spacer,.e-con>.elementor-widget-spacer>.elementor-widget-container>.elementor-spacer{height:100%}.e-con-inner>.elementor-widget-spacer>.elementor-widget-container>.elementor-spacer>.elementor-spacer-inner,.e-con>.elementor-widget-spacer>.elementor-widget-container>.elementor-spacer>.elementor-spacer-inner{height:var(--container-widget-height,var(--spacer-size))}.e-con-inner>.elementor-widget-spacer.elementor-widget-empty,.e-con>.elementor-widget-spacer.elementor-widget-empty{position:relative;min-height:22px;min-width:22px}.e-con-inner>.elementor-widget-spacer.elementor-widget-empty .elementor-widget-empty-icon,.e-con>.elementor-widget-spacer.elementor-widget-empty .elementor-widget-empty-icon{position:absolute;top:0;bottom:0;left:0;right:0;margin:auto;padding:0;width:22px;height:22px}<\/style>\n<h2>Ogni donazione, anche la pi\u00f9 piccola, aiuta il percorso di guarigione dei nostri bambini.<\/h2>\n<p><a href=\"https:\/\/sostieni.ilpontedelsorriso.com\/\" target=\"_blank\" rel=\"noopener\"><\/p>\n<p>DONA ORA<br \/>\n<\/a><\/p>\n<p>Ogni donazione, anche la pi\u00f9 piccola, aiuta il percorso di guarigione dei nostri bambini.<\/p>\n<p><a href=\"https:\/\/sostieni.ilpontedelsorriso.com\/\" target=\"_blank\" rel=\"noopener\"><\/p>\n<p>DONA ORA<br \/>\n<\/a><\/p>\n<h2>Ci prendiamo cura di loro. E tu?<\/h2>\n<p>Ecco cosa puoi fare per sostenerci e sostenere i bambini.<\/p>\n<h4>Casa del sorriso<\/h4>\n<h4>Casa del sorriso<\/h4>\n<p>Per le famiglie dei pazienti in cura a Varese lontane da casa.<br \/>\n<a href=\"https:\/\/www.ilpontedelsorriso.com\/?page_id=40773\" target=\"_blank\" rel=\"noopener\">Scopri<\/a><\/p>\n<h4>Bomboniere e regali solidali<\/h4>\n<h4>Bomboniere e regali solidali<\/h4>\n<p>Per scegliere il sorriso dei bambini nei tuoi momenti speciali.<br \/>\n<a href=\"https:\/\/www.ilpontedelsorriso.com\/?page_id=38549\" target=\"_blank\" rel=\"noopener\">Scopri<\/a><\/p>\n<h4>Il tuo<br \/>\n5&#215;1000<\/h4>\n<h4>Il tuo<br \/>\n5&#215;1000<\/h4>\n<p>Per sostenere i progetti,<br \/>\nle attivit\u00e0 e i reparti pediatrici.<br \/>\n<a href=\"https:\/\/sostieni.ilpontedelsorriso.com\/?act=sndg&amp;rec=OTNbLl00YjcxOTEwZDdlYjQ1YTJmMmIzYTRmODUzNGY4MTIzM1suXTY4#CosaAbbiamoFatto\">Scopri<\/a><\/p>\n<h4>Le nostre<br \/>\nstorie<\/h4>\n<h4>Le nostre<br \/>\nstorie<\/h4>\n<p>Per scoprire le storie di coraggio che ogni bambino ci regala.<br \/>\n<a href=\"https:\/\/www.ilpontedelsorriso.com\/?page_id=40849\">Scopri<\/a><\/p>\n<h4>Parole dal cuore<\/h4>\n<h4>Parole dal cuore<\/h4>\n<p>Per conoscere i pensieri e le emozioni di chi ci incontra.<br \/>\n<a href=\"https:\/\/www.ilpontedelsorriso.com\/?page_id=40856\">Scopri<\/a><\/p>\n","protected":false},"excerpt":{"rendered":"<p>Disagio giovanile Il disagio giovanile \u00e8 un fenomeno con il quale i genitori e la societ\u00e0 si trovano a fare i conti da anni, ma la pandemia ha accentuato le fragilit\u00e0 di bambini e ragazzi e notevolmente incrementato le loro difficolt\u00e0. L\u2019isolamento, la DAD, l\u2019impossibilit\u00e0 di frequentare coetanei, il non poter contare su momenti ricreativi,&#8230;<\/p>\n","protected":false},"author":1,"featured_media":0,"parent":0,"menu_order":0,"comment_status":"closed","ping_status":"closed","template":"","meta":{"_acf_changed":false,"inline_featured_image":false,"footnotes":""},"acf":[],"_links":{"self":[{"href":"https:\/\/www.ilpontedelsorriso.com\/index.php?rest_route=\/wp\/v2\/pages\/39184"}],"collection":[{"href":"https:\/\/www.ilpontedelsorriso.com\/index.php?rest_route=\/wp\/v2\/pages"}],"about":[{"href":"https:\/\/www.ilpontedelsorriso.com\/index.php?rest_route=\/wp\/v2\/types\/page"}],"author":[{"embeddable":true,"href":"https:\/\/www.ilpontedelsorriso.com\/index.php?rest_route=\/wp\/v2\/users\/1"}],"replies":[{"embeddable":true,"href":"https:\/\/www.ilpontedelsorriso.com\/index.php?rest_route=%2Fwp%2Fv2%2Fcomments&post=39184"}],"version-history":[{"count":69,"href":"https:\/\/www.ilpontedelsorriso.com\/index.php?rest_route=\/wp\/v2\/pages\/39184\/revisions"}],"predecessor-version":[{"id":45083,"href":"https:\/\/www.ilpontedelsorriso.com\/index.php?rest_route=\/wp\/v2\/pages\/39184\/revisions\/45083"}],"wp:attachment":[{"href":"https:\/\/www.ilpontedelsorriso.com\/index.php?rest_route=%2Fwp%2Fv2%2Fmedia&parent=39184"}],"curies":[{"name":"wp","href":"https:\/\/api.w.org\/{rel}","templated":true}]}}